{"id":1169,"date":"2017-05-31T18:06:47","date_gmt":"2017-05-31T16:06:47","guid":{"rendered":"http:\/\/www.uzh.ch\/blog\/ife-hbs\/?page_id=1169"},"modified":"2017-12-08T11:49:58","modified_gmt":"2017-12-08T09:49:58","slug":"schulwissen","status":"publish","type":"page","link":"https:\/\/www.uzh.ch\/blog\/ife-hbs\/forschungsprojekte\/abgeschlossen\/schulwissen\/","title":{"rendered":"Die gesellschaftliche Konstruktion schulischen Wissens"},"content":{"rendered":"<p>Universit\u00e4t Z\u00fcrich als Leading House<\/p>\n<p>&nbsp;<\/p>\n<p>In diesem vom Schweizerischen Nationalfonds gef\u00f6rderten Sinergia-Projekt (2013-2016) wird rekonstruiert, wie sich schulisches Wissen in Lehrpl\u00e4nen und Lehrmitteln ver\u00e4ndert. Die in der Schule zu vermittelnden Wissensbest\u00e4nde und gesellschaftlichen Werte sind vielf\u00e4ltigen gesellschaftlichen Einfl\u00fcssen ausgesetzt und werden ebenso wie die sie bestimmenden Akteure und deren Erwartungen und Wertvorstellungen im Zeitverlauf transformiert. \u201eSchulisches Wissen\u201c wird deshalb immer wieder von neuem gesellschaftlich konstruiert und legitimiert. Dieser teils explizite, teils implizite Prozess findet bis anhin vor allem \u00fcber die Definition von Lehrpl\u00e4nen und Lehrmitteln statt. Das Sinergia-Projekt zielt einerseits auf die historische Rekonstruktion schulischen Wissens \u2013 definiert in Lehrpl\u00e4nen und Lehrmitteln \u2013 und dessen historischer Transformation in ausgew\u00e4hlten Kantonen der drei grossen Sprachregionen der Schweiz, andererseits auf die Rekonstruktion der entsprechenden bildungspolitischen Konstruktionsprinzipien durch die Analyse des \u00f6ffentlichen Legitimationsdiskurses und der sich \u00e4ndernden Akteurkonstellationen. Das Projekt leistet sowohl einen Beitrag zur diachronen Analyse der Lehrmittel- und Lehrplanpolitik als auch einen Beitrag zum Verst\u00e4ndnis langfristiger Wissenstransformationsprozesse in Schule und Gesellschaft.<\/p>\n<p>&nbsp;<\/p>\n<p>Das Gesamtprojekt richtet sich auf den Zeitraum von 1830 bis Ende 20. Jahrhundert und den geographischen Raum Schweiz aus. Mit der Beteiligung von Forschungsgruppen aus der deutsch-, franz\u00f6sisch- und italienischsprachigen Schweiz sind sowohl kantonale als auch sprach- und kulturraumbezogene Vergleiche m\u00f6glich. Die Subprojekte umfassen einerseits Lehrplananalysen, andererseits Lehrmittelanalysen zu ausgew\u00e4hlten F\u00e4chern: Schulsprache (Franz\u00f6sisch, Italienisch, Deutsch), Fremdsprache (Franz\u00f6sisch und Deutsch) sowie Geschichte\/Politische Bildung. Methodisch kommen vor allem die historische Dokumentenanalyse und diskursanalytische Verfahren zum Einsatz. Das Projekt ist zum einen der historischen Bildungsforschung verpflichtet, zum andern wird f\u00fcr die Fachdidaktik eine bislang kaum bearbeitete historische Perspektive er\u00f6ffnet.<\/p>\n<p>&nbsp;<\/p>\n<h2><\/h2>\n<h2>Ergebnisse<\/h2>\n<p><a href=\"https:\/\/www.uzh.ch\/blog\/ife-hbs\/files\/2013\/01\/output_sinergia1.pdf\">Publikationen aus dem Sinergia-Projekt<\/a><\/p>\n<p>&nbsp;<\/p>\n<h2>Teilprojekte<\/h2>\n<p>Teilprojekt A:<br \/>\nTransformation schulischen Wissens in den Schulf\u00e4chern Franz\u00f6sisch, Deutsch und Geschichte der Westschweiz (1830-2010)<br \/>\nProf. Dr. Rita Hofstetter, Prof. Dr. Bernard Schneuwly, Universit\u00e4t Genf<\/p>\n<p>Teilprojekt B:<br \/>\nDie Entwicklung der Lehrpl\u00e4ne, der politischen Bildung und des muttersprachlichen Unterrichts im Kanton Tessin (1830-2010)<br \/>\nDr. Wolfgang Sahlfeld, Scuola universitaria professionale della Svizzera italiana (SUPSI)<\/p>\n<p><a href=\"http:\/\/www.uzh.ch\/blog\/ife-hbs\/forschungsprojekte\/abgeschlossen\/\">Teilprojekt C<\/a>:<br \/>\nLehrpl\u00e4ne in der deutschsprachigen Schweiz seit 1830 \u2013 Inhalte und Konstruktionsprinzipien schulischen Wissens im Wandel<br \/>\nProf. Dr. Lucien Criblez, Dr. Karin Manz, Universit\u00e4t Z\u00fcrich<\/p>\n<p>Teilprojekt D:<br \/>\nDeutsch und Franz\u00f6sisch in der Volksschule der deutschsprachigen Schweiz (seit 1830)<br \/>\nProf. Dr. Claudia Crotti, Prof. Dr. Daniel Wrana, Prof. Dr. Thomas Lindauer, P\u00e4dagogische Hochschule der FHNW<\/p>\n<p>Teilprojekt E:<br \/>\nHistorisch-politische Bildung in Deutschschweizer Lehrmitteln seit 1830<br \/>\nProf. Dr. Sabina Br\u00e4ndli, P\u00e4dagogische Hochschule Z\u00fcrich<\/p>\n<p>&nbsp;<\/p>\n<h2><\/h2>\n","protected":false},"excerpt":{"rendered":"<p>Universit\u00e4t Z\u00fcrich als Leading House &nbsp; In diesem vom Schweizerischen Nationalfonds gef\u00f6rderten Sinergia-Projekt (2013-2016) wird rekonstruiert, wie sich schulisches Wissen in Lehrpl\u00e4nen und Lehrmitteln ver\u00e4ndert. Die in der Schule zu vermittelnden Wissensbest\u00e4nde und gesellschaftlichen Werte sind vielf\u00e4ltigen gesellschaftlichen Einfl\u00fcssen ausgesetzt und werden ebenso wie die sie bestimmenden Akteure und deren Erwartungen und Wertvorstellungen im Zeitverlauf [&#8230;]<\/p>\n","protected":false},"author":201,"featured_media":0,"parent":1073,"menu_order":0,"comment_status":"closed","ping_status":"closed","template":"","meta":{"footnotes":""},"class_list":["post-1169","page","type-page","status-publish","hentry"],"_links":{"self":[{"href":"https:\/\/www.uzh.ch\/blog\/ife-hbs\/wp-json\/wp\/v2\/pages\/1169","targetHints":{"allow":["GET"]}}],"collection":[{"href":"https:\/\/www.uzh.ch\/blog\/ife-hbs\/wp-json\/wp\/v2\/pages"}],"about":[{"href":"https:\/\/www.uzh.ch\/blog\/ife-hbs\/wp-json\/wp\/v2\/types\/page"}],"author":[{"embeddable":true,"href":"https:\/\/www.uzh.ch\/blog\/ife-hbs\/wp-json\/wp\/v2\/users\/201"}],"replies":[{"embeddable":true,"href":"https:\/\/www.uzh.ch\/blog\/ife-hbs\/wp-json\/wp\/v2\/comments?post=1169"}],"version-history":[{"count":6,"href":"https:\/\/www.uzh.ch\/blog\/ife-hbs\/wp-json\/wp\/v2\/pages\/1169\/revisions"}],"predecessor-version":[{"id":1533,"href":"https:\/\/www.uzh.ch\/blog\/ife-hbs\/wp-json\/wp\/v2\/pages\/1169\/revisions\/1533"}],"up":[{"embeddable":true,"href":"https:\/\/www.uzh.ch\/blog\/ife-hbs\/wp-json\/wp\/v2\/pages\/1073"}],"wp:attachment":[{"href":"https:\/\/www.uzh.ch\/blog\/ife-hbs\/wp-json\/wp\/v2\/media?parent=1169"}],"curies":[{"name":"wp","href":"https:\/\/api.w.org\/{rel}","templated":true}]}}